{"id":5826,"date":"2025-12-03T21:04:35","date_gmt":"2025-12-03T21:04:35","guid":{"rendered":"https:\/\/lokalizacja.net\/?page_id=5826"},"modified":"2026-04-08T18:25:20","modified_gmt":"2026-04-08T18:25:20","slug":"chce-kupic","status":"publish","type":"page","link":"https:\/\/lokalizacja.net\/en\/chce-kupic\/","title":{"rendered":"I want to buy"},"content":{"rendered":"","protected":false},"excerpt":{"rendered":"","protected":false},"author":1,"featured_media":0,"parent":0,"menu_order":0,"comment_status":"closed","ping_status":"open","template":"","meta":{"footnotes":""},"class_list":["post-5826","page","type-page","status-publish","hentry"],"yoast_head":"<!-- This site is optimized with the Yoast SEO plugin v27.3 - https:\/\/yoast.com\/product\/yoast-seo-wordpress\/ -->\n<title>Kupi\u0107 mieszkanie | Bezpieczny zakup nieruchomo\u015bci<\/title>\n<meta name=\"description\" content=\"Planujesz kupi\u0107 mieszkanie? Zapewniamy profesjonalne wsparcie na ka\u017cdym etapie zakupu nieruchomo\u015bci w Krakowie i okolicach.\" \/>\n<meta name=\"robots\" content=\"index, follow, max-snippet:-1, max-image-preview:large, max-video-preview:-1\" \/>\n<link rel=\"canonical\" href=\"https:\/\/lokalizacja.net\/en\/chce-kupic\/\" \/>\n<meta property=\"og:locale\" content=\"en_US\" \/>\n<meta property=\"og:type\" content=\"article\" \/>\n<meta property=\"og:title\" content=\"Kupi\u0107 mieszkanie | Bezpieczny zakup nieruchomo\u015bci\" \/>\n<meta property=\"og:description\" content=\"Planujesz kupi\u0107 mieszkanie? Zapewniamy profesjonalne wsparcie na ka\u017cdym etapie zakupu nieruchomo\u015bci w Krakowie i okolicach.\" \/>\n<meta property=\"og:url\" content=\"https:\/\/lokalizacja.net\/en\/chce-kupic\/\" \/>\n<meta property=\"og:site_name\" content=\"Lokalizacja\" \/>\n<meta property=\"article:modified_time\" content=\"2026-04-08T18:25:20+00:00\" \/>\n<meta name=\"twitter:card\" content=\"summary_large_image\" \/>\n<meta name=\"twitter:label1\" content=\"Est. reading time\" \/>\n\t<meta name=\"twitter:data1\" content=\"6 minutes\" \/>\n<script type=\"application\/ld+json\" class=\"yoast-schema-graph\">{\"@context\":\"https:\\\/\\\/schema.org\",\"@graph\":[{\"@type\":\"WebPage\",\"@id\":\"https:\\\/\\\/lokalizacja.net\\\/en\\\/chce-kupic\\\/\",\"url\":\"https:\\\/\\\/lokalizacja.net\\\/en\\\/chce-kupic\\\/\",\"name\":\"Kupi\u0107 mieszkanie | Bezpieczny zakup nieruchomo\u015bci\",\"isPartOf\":{\"@id\":\"https:\\\/\\\/lokalizacja.net\\\/en\\\/#website\"},\"datePublished\":\"2025-12-03T21:04:35+00:00\",\"dateModified\":\"2026-04-08T18:25:20+00:00\",\"description\":\"Planujesz kupi\u0107 mieszkanie? Zapewniamy profesjonalne wsparcie na ka\u017cdym etapie zakupu nieruchomo\u015bci w Krakowie i okolicach.\",\"breadcrumb\":{\"@id\":\"https:\\\/\\\/lokalizacja.net\\\/en\\\/chce-kupic\\\/#breadcrumb\"},\"inLanguage\":\"en-US\",\"potentialAction\":[{\"@type\":\"ReadAction\",\"target\":[\"https:\\\/\\\/lokalizacja.net\\\/en\\\/chce-kupic\\\/\"]}]},{\"@type\":\"BreadcrumbList\",\"@id\":\"https:\\\/\\\/lokalizacja.net\\\/en\\\/chce-kupic\\\/#breadcrumb\",\"itemListElement\":[{\"@type\":\"ListItem\",\"position\":1,\"name\":\"\u0413\u043e\u043b\u043e\u0432\u043d\u0430\",\"item\":\"https:\\\/\\\/lokalizacja.net\\\/en\\\/\"},{\"@type\":\"ListItem\",\"position\":2,\"name\":\"Chc\u0119 kupi\u0107\"}]},{\"@type\":\"WebSite\",\"@id\":\"https:\\\/\\\/lokalizacja.net\\\/en\\\/#website\",\"url\":\"https:\\\/\\\/lokalizacja.net\\\/en\\\/\",\"name\":\"Lokalizacja\",\"description\":\"\",\"potentialAction\":[{\"@type\":\"SearchAction\",\"target\":{\"@type\":\"EntryPoint\",\"urlTemplate\":\"https:\\\/\\\/lokalizacja.net\\\/en\\\/?s={search_term_string}\"},\"query-input\":{\"@type\":\"PropertyValueSpecification\",\"valueRequired\":true,\"valueName\":\"search_term_string\"}}],\"inLanguage\":\"en-US\"}]}<\/script>\n<!-- \/ Yoast SEO plugin. -->","yoast_head_json":{"title":"Kupi\u0107 mieszkanie | Bezpieczny zakup nieruchomo\u015bci","description":"Planujesz kupi\u0107 mieszkanie? Zapewniamy profesjonalne wsparcie na ka\u017cdym etapie zakupu nieruchomo\u015bci w Krakowie i okolicach.","robots":{"index":"index","follow":"follow","max-snippet":"max-snippet:-1","max-image-preview":"max-image-preview:large","max-video-preview":"max-video-preview:-1"},"canonical":"https:\/\/lokalizacja.net\/en\/chce-kupic\/","og_locale":"en_US","og_type":"article","og_title":"Kupi\u0107 mieszkanie | Bezpieczny zakup nieruchomo\u015bci","og_description":"Planujesz kupi\u0107 mieszkanie? Zapewniamy profesjonalne wsparcie na ka\u017cdym etapie zakupu nieruchomo\u015bci w Krakowie i okolicach.","og_url":"https:\/\/lokalizacja.net\/en\/chce-kupic\/","og_site_name":"Lokalizacja","article_modified_time":"2026-04-08T18:25:20+00:00","twitter_card":"summary_large_image","twitter_misc":{"Est. reading time":"6 minutes"},"schema":{"@context":"https:\/\/schema.org","@graph":[{"@type":"WebPage","@id":"https:\/\/lokalizacja.net\/en\/chce-kupic\/","url":"https:\/\/lokalizacja.net\/en\/chce-kupic\/","name":"Kupi\u0107 mieszkanie | Bezpieczny zakup nieruchomo\u015bci","isPartOf":{"@id":"https:\/\/lokalizacja.net\/en\/#website"},"datePublished":"2025-12-03T21:04:35+00:00","dateModified":"2026-04-08T18:25:20+00:00","description":"Planujesz kupi\u0107 mieszkanie? Zapewniamy profesjonalne wsparcie na ka\u017cdym etapie zakupu nieruchomo\u015bci w Krakowie i okolicach.","breadcrumb":{"@id":"https:\/\/lokalizacja.net\/en\/chce-kupic\/#breadcrumb"},"inLanguage":"en-US","potentialAction":[{"@type":"ReadAction","target":["https:\/\/lokalizacja.net\/en\/chce-kupic\/"]}]},{"@type":"BreadcrumbList","@id":"https:\/\/lokalizacja.net\/en\/chce-kupic\/#breadcrumb","itemListElement":[{"@type":"ListItem","position":1,"name":"\u0413\u043e\u043b\u043e\u0432\u043d\u0430","item":"https:\/\/lokalizacja.net\/en\/"},{"@type":"ListItem","position":2,"name":"Chc\u0119 kupi\u0107"}]},{"@type":"WebSite","@id":"https:\/\/lokalizacja.net\/en\/#website","url":"https:\/\/lokalizacja.net\/en\/","name":"Location","description":"","potentialAction":[{"@type":"SearchAction","target":{"@type":"EntryPoint","urlTemplate":"https:\/\/lokalizacja.net\/en\/?s={search_term_string}"},"query-input":{"@type":"PropertyValueSpecification","valueRequired":true,"valueName":"search_term_string"}}],"inLanguage":"en-US"}]}},"_hostinger_reach_plugin_has_subscription_block":false,"_hostinger_reach_plugin_is_elementor":false,"meta_box":[],"_links":{"self":[{"href":"https:\/\/lokalizacja.net\/en\/wp-json\/wp\/v2\/pages\/5826","targetHints":{"allow":["GET"]}}],"collection":[{"href":"https:\/\/lokalizacja.net\/en\/wp-json\/wp\/v2\/pages"}],"about":[{"href":"https:\/\/lokalizacja.net\/en\/wp-json\/wp\/v2\/types\/page"}],"author":[{"embeddable":true,"href":"https:\/\/lokalizacja.net\/en\/wp-json\/wp\/v2\/users\/1"}],"replies":[{"embeddable":true,"href":"https:\/\/lokalizacja.net\/en\/wp-json\/wp\/v2\/comments?post=5826"}],"version-history":[{"count":94,"href":"https:\/\/lokalizacja.net\/en\/wp-json\/wp\/v2\/pages\/5826\/revisions"}],"predecessor-version":[{"id":11611,"href":"https:\/\/lokalizacja.net\/en\/wp-json\/wp\/v2\/pages\/5826\/revisions\/11611"}],"wp:attachment":[{"href":"https:\/\/lokalizacja.net\/en\/wp-json\/wp\/v2\/media?parent=5826"}],"curies":[{"name":"wp","href":"https:\/\/api.w.org\/{rel}","templated":true}]}}